{"id":4049,"date":"2025-01-08T11:43:27","date_gmt":"2025-01-08T10:43:27","guid":{"rendered":"https:\/\/cetii.fr\/fr\/?page_id=4049"},"modified":"2025-01-08T13:03:53","modified_gmt":"2025-01-08T12:03:53","slug":"engagements-rse","status":"publish","type":"page","link":"https:\/\/cetii.fr\/fr\/engagements-rse\/","title":{"rendered":"RSE"},"content":{"rendered":"<div class=\"fusion-fullwidth fullwidth-box fusion-builder-row-1 fusion-flex-container has-pattern-background has-mask-background nonhundred-percent-fullwidth non-hundred-percent-height-scrolling\" style=\"--awb-border-radius-top-left:0px;--awb-border-radius-top-right:0px;--awb-border-radius-bottom-right:0px;--awb-border-radius-bottom-left:0px;--awb-background-color:var(--awb-color1);--awb-flex-wrap:wrap;\" ><div class=\"fusion-builder-row fusion-row fusion-flex-align-items-flex-start fusion-flex-content-wrap\" style=\"max-width:1310.4px;margin-left: calc(-4% \/ 2 );margin-right: calc(-4% \/ 2 );\"><div class=\"fusion-layout-column fusion_builder_column fusion-builder-column-0 fusion_builder_column_1_1 1_1 fusion-flex-column\" style=\"--awb-bg-size:cover;--awb-width-large:100%;--awb-margin-top-large:20px;--awb-spacing-right-large:1.92%;--awb-margin-bottom-large:20px;--awb-spacing-left-large:1.92%;--awb-width-medium:100%;--awb-order-medium:0;--awb-spacing-right-medium:1.92%;--awb-spacing-left-medium:1.92%;--awb-width-small:100%;--awb-order-small:0;--awb-spacing-right-small:1.92%;--awb-spacing-left-small:1.92%;\"><div class=\"fusion-column-wrapper fusion-column-has-shadow fusion-flex-justify-content-flex-start fusion-content-layout-column\"><div class=\"fusion-title title fusion-title-1 fusion-sep-none fusion-title-center fusion-title-text fusion-title-size-two\" style=\"--awb-text-color:var(--awb-color8);\"><h2 class=\"fusion-title-heading title-heading-center fusion-responsive-typography-calculated\" style=\"margin:0;--fontSize:48;line-height:1.2;\">Nos engagements RSE<span style=\"color: var(--awb-color5);\">\u00a0!<\/span><\/h2><\/div><div class=\"fusion-text fusion-text-1\"><p>Chez CETii, notre ambition est de simplifier le quotidien des acteurs du b\u00e2timent engag\u00e9s dans la performance, tout en offrant un service de la plus haute qualit\u00e9. Mais notre engagement va bien au-del\u00e0. Nous souhaitons \u00eatre une force positive pour la soci\u00e9t\u00e9 et pour l\u2019environnement, en inscrivant nos actions dans une d\u00e9marche de responsabilit\u00e9 soci\u00e9tale d\u2019entreprise (RSE).<\/p>\n<h3>Sur le volet soci\u00e9tal<\/h3>\n<p>Chez CETii, nous croyons fermement que la cr\u00e9ation de valeur passe avant tout par des relations de confiance et de responsabilit\u00e9. Cela se traduit par :<\/p>\n<ul data-spread=\"false\">\n<li><strong>La confiance et la responsabilit\u00e9 au c\u0153ur de nos relations<\/strong> : Nous favorisons des \u00e9changes transparents et respectueux avec nos collaborateurs, nos partenaires et nos clients. Cette approche cr\u00e9e un environnement de travail sain et favorise des collaborations durables.<\/li>\n<li><strong>Une grille des salaires claire et transparente<\/strong> : Nous communiquons de mani\u00e8re pr\u00e9cise sur la structure des salaires pour garantir \u00e9quit\u00e9 et clart\u00e9.<\/li>\n<li><strong>La parit\u00e9 et l\u2019\u00e9galit\u00e9 salariale<\/strong> : Nous sommes engag\u00e9s \u00e0 assurer une parfaite \u00e9galit\u00e9 salariale entre les hommes et les femmes, tout en promouvant activement la parit\u00e9 dans les postes de responsabilit\u00e9.<\/li>\n<li><strong>Le d\u00e9veloppement des comp\u00e9tences<\/strong> : Nous investissons dans la formation continue de nos collaborateurs pour qu\u2019ils puissent grandir professionnellement et personnellement.<\/li>\n<li><strong>L\u2019engagement local<\/strong> : Nous collaborons avec des associations et initiatives locales, renfor\u00e7ant ainsi notre ancrage territorial et notre impact positif sur la communaut\u00e9.<\/li>\n<\/ul>\n<h3>Sur le volet environnemental<\/h3>\n<p>Nous sommes conscients des d\u00e9fis environnementaux actuels et nous engageons activement pour contribuer \u00e0 leur r\u00e9solution :<\/p>\n<ul data-spread=\"false\">\n<li><strong>Projet \u00ab\u00a0Abeilles de Grisbi\u00a0\u00bb<\/strong> : CETii adh\u00e8re \u00e0 cette initiative locale pour la pr\u00e9servation des abeilles et de la biodiversit\u00e9. En parrainant une ruche, nous soutenons l\u2019apiculture dans le Gard et sensibilisons \u00e0 l\u2019importance de ces pollinisateurs essentiels.<\/li>\n<li><strong>Projet \u00ab\u00a0Arbres de Grisbi\u00a0\u00bb<\/strong> : Nous sommes partenaires de cette action de reforestation et de sensibilisation \u00e9cologique. En parrainant la plantation d\u2019arbres, nous participons \u00e0 la cr\u00e9ation d\u2019espaces arbor\u00e9s p\u00e9dagogiques, renfor\u00e7ant notre engagement pour la biodiversit\u00e9.<\/li>\n<li><strong>Action contre le changement climatique<\/strong> : CETii est actionnaire de <em>Team for the Planet<\/em>, la plus grande communaut\u00e9 citoyenne d\u00e9di\u00e9e \u00e0 la lutte contre les gaz \u00e0 effet de serre. Cette initiative identifie et d\u00e9ploie des innovations qui r\u00e9duisent concr\u00e8tement les \u00e9missions mondiales, contribuant ainsi \u00e0 un avenir plus durable.<\/li>\n<\/ul>\n<h3>Une vision durable et responsable<\/h3>\n<p>Au travers de ces engagements, CETii ne se contente pas d\u2019\u00eatre un acteur de la performance dans le b\u00e2timent. Nous aspirons \u00e0 jouer un r\u00f4le actif dans la construction d\u2019une soci\u00e9t\u00e9 plus juste, plus respectueuse et plus durable. En conjuguant excellence professionnelle, solidarit\u00e9 soci\u00e9tale et engagement environnemental, nous construisons aujourd\u2019hui les bases d\u2019un avenir meilleur.<\/p>\n<\/div><\/div><\/div><\/div><\/div>\n","protected":false},"excerpt":{"rendered":"","protected":false},"author":1,"featured_media":0,"parent":0,"menu_order":0,"comment_status":"closed","ping_status":"closed","template":"100-width.php","meta":{"footnotes":""},"class_list":["post-4049","page","type-page","status-publish","hentry"],"yoast_head":"<!-- This site is optimized with the Yoast SEO Premium plugin v25.9 (Yoast SEO v27.3) - https:\/\/yoast.com\/product\/yoast-seo-premium-wordpress\/ -->\n<title>RSE : Comment CETii s&#039;engage pour la soci\u00e9t\u00e9 et l&#039;environnement<\/title>\n<meta name=\"description\" content=\"D\u00e9couvrez comment CETii s&#039;engage dans une d\u00e9marche de responsabilit\u00e9 soci\u00e9tale d&#039;entreprise (RSE) pour cr\u00e9er de la valeur et des relations de confiance.\" \/>\n<meta name=\"robots\" content=\"index, follow, max-snippet:-1, max-image-preview:large, max-video-preview:-1\" \/>\n<link rel=\"canonical\" href=\"https:\/\/cetii.fr\/fr\/engagements-rse\/\" \/>\n<meta property=\"og:locale\" content=\"fr_FR\" \/>\n<meta property=\"og:type\" content=\"article\" \/>\n<meta property=\"og:title\" content=\"RSE\" \/>\n<meta property=\"og:description\" content=\"D\u00e9couvrez comment CETii s&#039;engage dans une d\u00e9marche de responsabilit\u00e9 soci\u00e9tale d&#039;entreprise (RSE) pour cr\u00e9er de la valeur et des relations de confiance.\" \/>\n<meta property=\"og:url\" content=\"https:\/\/cetii.fr\/fr\/engagements-rse\/\" \/>\n<meta property=\"og:site_name\" content=\"CETii\" \/>\n<meta property=\"article:publisher\" content=\"https:\/\/www.facebook.com\/cetii.fr\/\" \/>\n<meta property=\"article:modified_time\" content=\"2025-01-08T12:03:53+00:00\" \/>\n<meta name=\"twitter:card\" content=\"summary_large_image\" \/>\n<meta name=\"twitter:label1\" content=\"Dur\u00e9e de lecture estim\u00e9e\" \/>\n\t<meta name=\"twitter:data1\" content=\"3 minutes\" \/>\n<script type=\"application\/ld+json\" class=\"yoast-schema-graph\">{\"@context\":\"https:\\\/\\\/schema.org\",\"@graph\":[{\"@type\":\"WebPage\",\"@id\":\"https:\\\/\\\/cetii.fr\\\/fr\\\/engagements-rse\\\/\",\"url\":\"https:\\\/\\\/cetii.fr\\\/fr\\\/engagements-rse\\\/\",\"name\":\"RSE : Comment CETii s'engage pour la soci\u00e9t\u00e9 et l'environnement\",\"isPartOf\":{\"@id\":\"https:\\\/\\\/cetii.fr\\\/fr\\\/#website\"},\"datePublished\":\"2025-01-08T10:43:27+00:00\",\"dateModified\":\"2025-01-08T12:03:53+00:00\",\"description\":\"D\u00e9couvrez comment CETii s'engage dans une d\u00e9marche de responsabilit\u00e9 soci\u00e9tale d'entreprise (RSE) pour cr\u00e9er de la valeur et des relations de confiance.\",\"breadcrumb\":{\"@id\":\"https:\\\/\\\/cetii.fr\\\/fr\\\/engagements-rse\\\/#breadcrumb\"},\"inLanguage\":\"fr-FR\",\"potentialAction\":[{\"@type\":\"ReadAction\",\"target\":[\"https:\\\/\\\/cetii.fr\\\/fr\\\/engagements-rse\\\/\"]}]},{\"@type\":\"BreadcrumbList\",\"@id\":\"https:\\\/\\\/cetii.fr\\\/fr\\\/engagements-rse\\\/#breadcrumb\",\"itemListElement\":[{\"@type\":\"ListItem\",\"position\":1,\"name\":\"Accueil\",\"item\":\"https:\\\/\\\/cetii.fr\\\/fr\\\/\"},{\"@type\":\"ListItem\",\"position\":2,\"name\":\"RSE\"}]},{\"@type\":\"WebSite\",\"@id\":\"https:\\\/\\\/cetii.fr\\\/fr\\\/#website\",\"url\":\"https:\\\/\\\/cetii.fr\\\/fr\\\/\",\"name\":\"CETii\",\"description\":\"Mesurer la performance du b\u00e2timent\",\"publisher\":{\"@id\":\"https:\\\/\\\/cetii.fr\\\/fr\\\/#organization\"},\"potentialAction\":[{\"@type\":\"SearchAction\",\"target\":{\"@type\":\"EntryPoint\",\"urlTemplate\":\"https:\\\/\\\/cetii.fr\\\/fr\\\/?s={search_term_string}\"},\"query-input\":{\"@type\":\"PropertyValueSpecification\",\"valueRequired\":true,\"valueName\":\"search_term_string\"}}],\"inLanguage\":\"fr-FR\"},{\"@type\":\"Organization\",\"@id\":\"https:\\\/\\\/cetii.fr\\\/fr\\\/#organization\",\"name\":\"CETii\",\"url\":\"https:\\\/\\\/cetii.fr\\\/fr\\\/\",\"logo\":{\"@type\":\"ImageObject\",\"inLanguage\":\"fr-FR\",\"@id\":\"https:\\\/\\\/cetii.fr\\\/fr\\\/#\\\/schema\\\/logo\\\/image\\\/\",\"url\":\"https:\\\/\\\/cetii.fr\\\/fr\\\/wp-content\\\/uploads\\\/2025\\\/01\\\/Logo-CETii-2.png\",\"contentUrl\":\"https:\\\/\\\/cetii.fr\\\/fr\\\/wp-content\\\/uploads\\\/2025\\\/01\\\/Logo-CETii-2.png\",\"width\":2362,\"height\":985,\"caption\":\"CETii\"},\"image\":{\"@id\":\"https:\\\/\\\/cetii.fr\\\/fr\\\/#\\\/schema\\\/logo\\\/image\\\/\"},\"sameAs\":[\"https:\\\/\\\/www.facebook.com\\\/cetii.fr\\\/\",\"https:\\\/\\\/www.linkedin.com\\\/company\\\/cetii\"]}]}<\/script>\n<!-- \/ Yoast SEO Premium plugin. -->","yoast_head_json":{"title":"RSE : Comment CETii s'engage pour la soci\u00e9t\u00e9 et l'environnement","description":"D\u00e9couvrez comment CETii s'engage dans une d\u00e9marche de responsabilit\u00e9 soci\u00e9tale d'entreprise (RSE) pour cr\u00e9er de la valeur et des relations de confiance.","robots":{"index":"index","follow":"follow","max-snippet":"max-snippet:-1","max-image-preview":"max-image-preview:large","max-video-preview":"max-video-preview:-1"},"canonical":"https:\/\/cetii.fr\/fr\/engagements-rse\/","og_locale":"fr_FR","og_type":"article","og_title":"RSE","og_description":"D\u00e9couvrez comment CETii s'engage dans une d\u00e9marche de responsabilit\u00e9 soci\u00e9tale d'entreprise (RSE) pour cr\u00e9er de la valeur et des relations de confiance.","og_url":"https:\/\/cetii.fr\/fr\/engagements-rse\/","og_site_name":"CETii","article_publisher":"https:\/\/www.facebook.com\/cetii.fr\/","article_modified_time":"2025-01-08T12:03:53+00:00","twitter_card":"summary_large_image","twitter_misc":{"Dur\u00e9e de lecture estim\u00e9e":"3 minutes"},"schema":{"@context":"https:\/\/schema.org","@graph":[{"@type":"WebPage","@id":"https:\/\/cetii.fr\/fr\/engagements-rse\/","url":"https:\/\/cetii.fr\/fr\/engagements-rse\/","name":"RSE : Comment CETii s'engage pour la soci\u00e9t\u00e9 et l'environnement","isPartOf":{"@id":"https:\/\/cetii.fr\/fr\/#website"},"datePublished":"2025-01-08T10:43:27+00:00","dateModified":"2025-01-08T12:03:53+00:00","description":"D\u00e9couvrez comment CETii s'engage dans une d\u00e9marche de responsabilit\u00e9 soci\u00e9tale d'entreprise (RSE) pour cr\u00e9er de la valeur et des relations de confiance.","breadcrumb":{"@id":"https:\/\/cetii.fr\/fr\/engagements-rse\/#breadcrumb"},"inLanguage":"fr-FR","potentialAction":[{"@type":"ReadAction","target":["https:\/\/cetii.fr\/fr\/engagements-rse\/"]}]},{"@type":"BreadcrumbList","@id":"https:\/\/cetii.fr\/fr\/engagements-rse\/#breadcrumb","itemListElement":[{"@type":"ListItem","position":1,"name":"Accueil","item":"https:\/\/cetii.fr\/fr\/"},{"@type":"ListItem","position":2,"name":"RSE"}]},{"@type":"WebSite","@id":"https:\/\/cetii.fr\/fr\/#website","url":"https:\/\/cetii.fr\/fr\/","name":"CETii","description":"Mesurer la performance du b\u00e2timent","publisher":{"@id":"https:\/\/cetii.fr\/fr\/#organization"},"potentialAction":[{"@type":"SearchAction","target":{"@type":"EntryPoint","urlTemplate":"https:\/\/cetii.fr\/fr\/?s={search_term_string}"},"query-input":{"@type":"PropertyValueSpecification","valueRequired":true,"valueName":"search_term_string"}}],"inLanguage":"fr-FR"},{"@type":"Organization","@id":"https:\/\/cetii.fr\/fr\/#organization","name":"CETii","url":"https:\/\/cetii.fr\/fr\/","logo":{"@type":"ImageObject","inLanguage":"fr-FR","@id":"https:\/\/cetii.fr\/fr\/#\/schema\/logo\/image\/","url":"https:\/\/cetii.fr\/fr\/wp-content\/uploads\/2025\/01\/Logo-CETii-2.png","contentUrl":"https:\/\/cetii.fr\/fr\/wp-content\/uploads\/2025\/01\/Logo-CETii-2.png","width":2362,"height":985,"caption":"CETii"},"image":{"@id":"https:\/\/cetii.fr\/fr\/#\/schema\/logo\/image\/"},"sameAs":["https:\/\/www.facebook.com\/cetii.fr\/","https:\/\/www.linkedin.com\/company\/cetii"]}]}},"_links":{"self":[{"href":"https:\/\/cetii.fr\/fr\/wp-json\/wp\/v2\/pages\/4049","targetHints":{"allow":["GET"]}}],"collection":[{"href":"https:\/\/cetii.fr\/fr\/wp-json\/wp\/v2\/pages"}],"about":[{"href":"https:\/\/cetii.fr\/fr\/wp-json\/wp\/v2\/types\/page"}],"author":[{"embeddable":true,"href":"https:\/\/cetii.fr\/fr\/wp-json\/wp\/v2\/users\/1"}],"replies":[{"embeddable":true,"href":"https:\/\/cetii.fr\/fr\/wp-json\/wp\/v2\/comments?post=4049"}],"version-history":[{"count":5,"href":"https:\/\/cetii.fr\/fr\/wp-json\/wp\/v2\/pages\/4049\/revisions"}],"predecessor-version":[{"id":4070,"href":"https:\/\/cetii.fr\/fr\/wp-json\/wp\/v2\/pages\/4049\/revisions\/4070"}],"wp:attachment":[{"href":"https:\/\/cetii.fr\/fr\/wp-json\/wp\/v2\/media?parent=4049"}],"curies":[{"name":"wp","href":"https:\/\/api.w.org\/{rel}","templated":true}]}}