{"id":4539,"date":"2025-11-18T11:56:43","date_gmt":"2025-11-18T10:56:43","guid":{"rendered":"https:\/\/cetii.fr\/fr\/?page_id=4539"},"modified":"2025-11-18T15:23:47","modified_gmt":"2025-11-18T14:23:47","slug":"mentions-legales","status":"publish","type":"page","link":"https:\/\/cetii.fr\/fr\/mentions-legales\/","title":{"rendered":"Mentions l\u00e9gales"},"content":{"rendered":"<h2>CETii.fr<\/h2>\n<p>Le site cetii.fr est \u00e9dit\u00e9 par <strong>CETii<\/strong><\/p>\n<p>SARL au capital de : 10 000 \u20ac<br \/>\n508 757 531 R.C.S. N\u00eemes<br \/>\nCode APE 46.69B<br \/>\nSi\u00e8ge social : 1 rue de la Coronelle, 30200 Bagnols-sur-C\u00e8ze<br \/>\nSIRET : 50875753100043<br \/>\nN\u00b0 TVA : FR12508757531<\/p>\n<p>Le site est h\u00e9berg\u00e9 par OVH SAS<b>,<\/b>\u00a02 rue Kellermann &#8211; 59100 Roubais &#8211; France<\/p>\n<p>Pour toute question, vous pouvez nous contacter :<\/p>\n<ul>\n<li>Email : info@cetii.fr<\/li>\n<li>T\u00e9l\u00e9phone : 04 66\u00a0 90 07 07<\/li>\n<li>Formulaire de contact : <a href=\"https:\/\/cetii.fr\/fr\/contact-cetii\/\">https:\/\/cetii.fr\/fr\/contact-cetii\/<\/a><\/li>\n<\/ul>\n<h2>Conditions d&rsquo;utilisation du site Internet www.cetii.fr\/fr\/<\/h2>\n<p>Le site et chacun des \u00e9l\u00e9ments, y compris mais sans limitation les marques, les logos, ic\u00f4nes, infographies, photographies, qui le composent sont prot\u00e9g\u00e9s au titre de la l\u00e9gislation internationale de la propri\u00e9t\u00e9 intellectuelle. Les contenus figurant sur le site sont la propri\u00e9t\u00e9 de CETii ou d\u2019autres entreprises. Toute utilisation, reproduction ou repr\u00e9sentation, par quelque proc\u00e9d\u00e9 que ce soit, et sur quelque support que ce soit, de tout ou partie du site et\/ou des \u00e9l\u00e9ments qui le composent n&rsquo;est pas autoris\u00e9e sans le consentement expresse de CETii.<\/p>\n<p>La marque CETii, le logo CETii, et toutes les autres marques CETii qui figurent sur le pr\u00e9sent site internet sont des marques enregistr\u00e9es, dont le titulaire est la soci\u00e9t\u00e9 CETii SARL. Toutes les autres marques qui figurent sur le pr\u00e9sent site internet sont la propri\u00e9t\u00e9 de leurs titulaires respectifs.<\/p>\n<h2>Donn\u00e9es personnelles<\/h2>\n<p>D&rsquo;une fa\u00e7on g\u00e9n\u00e9rale, vous pouvez visiter notre site sur Internet sans avoir \u00e0 d\u00e9cliner votre identit\u00e9 et \u00e0 fournir des informations personnelles vous concernant. Cependant, nous pouvons parfois vous demander des informations. Par exemple, pour traiter une commande, \u00e9tablir une correspondance, fournir un abonnement ou soumettre une candidature \u00e0 un poste. Nous pouvons compl\u00e9ter ces informations pour conclure une transaction ou offrir un meilleur service.<\/p>\n<h2>Cookies et traceurs<\/h2>\n<p>Ce site utilise des cookies pour am\u00e9liorer votre exp\u00e9rience de navigation et r\u00e9aliser des statistiques de visites. Vous pouvez accepter ou refuser l\u2019utilisation des cookies via le bandeau d\u2019information lors de votre premi\u00e8re visite.<\/p>\n<h2>Informations diverses<\/h2>\n<ul>\n<li><a href=\"https:\/\/cetii.fr\/fr\/contrats\/\">Contrats : Conditions G\u00e9n\u00e9rales<\/a><\/li>\n<li><a href=\"https:\/\/cetii.fr\/fr\/rgpd\/\">Donn\u00e9es personnelles &#8211; RGPD<\/a><\/li>\n<li><a href=\"https:\/\/cetii.fr\/fr\/cookies\/\">Cookies et traceurs<\/a><\/li>\n<\/ul>\n","protected":false},"excerpt":{"rendered":"<p>CETii.fr Le site cetii.fr est \u00e9dit\u00e9 par CETii SARL au  [&#8230;]<\/p>\n","protected":false},"author":1,"featured_media":0,"parent":0,"menu_order":0,"comment_status":"closed","ping_status":"closed","template":"","meta":{"footnotes":""},"class_list":["post-4539","page","type-page","status-publish","hentry"],"yoast_head":"<!-- This site is optimized with the Yoast SEO Premium plugin v25.9 (Yoast SEO v27.4) - https:\/\/yoast.com\/product\/yoast-seo-premium-wordpress\/ -->\n<title>Mentions l\u00e9gales - CETii<\/title>\n<meta name=\"robots\" content=\"index, follow, max-snippet:-1, max-image-preview:large, max-video-preview:-1\" \/>\n<link rel=\"canonical\" href=\"https:\/\/cetii.fr\/fr\/mentions-legales\/\" \/>\n<meta property=\"og:locale\" content=\"fr_FR\" \/>\n<meta property=\"og:type\" content=\"article\" \/>\n<meta property=\"og:title\" content=\"Mentions l\u00e9gales\" \/>\n<meta property=\"og:description\" content=\"CETii.fr Le site cetii.fr est \u00e9dit\u00e9 par CETii SARL au [...]\" \/>\n<meta property=\"og:url\" content=\"https:\/\/cetii.fr\/fr\/mentions-legales\/\" \/>\n<meta property=\"og:site_name\" content=\"CETii\" \/>\n<meta property=\"article:publisher\" content=\"https:\/\/www.facebook.com\/cetii.fr\/\" \/>\n<meta property=\"article:modified_time\" content=\"2025-11-18T14:23:47+00:00\" \/>\n<meta name=\"twitter:card\" content=\"summary_large_image\" \/>\n<meta name=\"twitter:label1\" content=\"Dur\u00e9e de lecture estim\u00e9e\" \/>\n\t<meta name=\"twitter:data1\" content=\"2 minutes\" \/>\n<script type=\"application\/ld+json\" class=\"yoast-schema-graph\">{\"@context\":\"https:\\\/\\\/schema.org\",\"@graph\":[{\"@type\":\"WebPage\",\"@id\":\"https:\\\/\\\/cetii.fr\\\/fr\\\/mentions-legales\\\/\",\"url\":\"https:\\\/\\\/cetii.fr\\\/fr\\\/mentions-legales\\\/\",\"name\":\"Mentions l\u00e9gales - CETii\",\"isPartOf\":{\"@id\":\"https:\\\/\\\/cetii.fr\\\/fr\\\/#website\"},\"datePublished\":\"2025-11-18T10:56:43+00:00\",\"dateModified\":\"2025-11-18T14:23:47+00:00\",\"breadcrumb\":{\"@id\":\"https:\\\/\\\/cetii.fr\\\/fr\\\/mentions-legales\\\/#breadcrumb\"},\"inLanguage\":\"fr-FR\",\"potentialAction\":[{\"@type\":\"ReadAction\",\"target\":[\"https:\\\/\\\/cetii.fr\\\/fr\\\/mentions-legales\\\/\"]}]},{\"@type\":\"BreadcrumbList\",\"@id\":\"https:\\\/\\\/cetii.fr\\\/fr\\\/mentions-legales\\\/#breadcrumb\",\"itemListElement\":[{\"@type\":\"ListItem\",\"position\":1,\"name\":\"Accueil\",\"item\":\"https:\\\/\\\/cetii.fr\\\/fr\\\/\"},{\"@type\":\"ListItem\",\"position\":2,\"name\":\"Mentions l\u00e9gales\"}]},{\"@type\":\"WebSite\",\"@id\":\"https:\\\/\\\/cetii.fr\\\/fr\\\/#website\",\"url\":\"https:\\\/\\\/cetii.fr\\\/fr\\\/\",\"name\":\"CETii\",\"description\":\"Mesurer la performance du b\u00e2timent\",\"publisher\":{\"@id\":\"https:\\\/\\\/cetii.fr\\\/fr\\\/#organization\"},\"potentialAction\":[{\"@type\":\"SearchAction\",\"target\":{\"@type\":\"EntryPoint\",\"urlTemplate\":\"https:\\\/\\\/cetii.fr\\\/fr\\\/?s={search_term_string}\"},\"query-input\":{\"@type\":\"PropertyValueSpecification\",\"valueRequired\":true,\"valueName\":\"search_term_string\"}}],\"inLanguage\":\"fr-FR\"},{\"@type\":\"Organization\",\"@id\":\"https:\\\/\\\/cetii.fr\\\/fr\\\/#organization\",\"name\":\"CETii\",\"url\":\"https:\\\/\\\/cetii.fr\\\/fr\\\/\",\"logo\":{\"@type\":\"ImageObject\",\"inLanguage\":\"fr-FR\",\"@id\":\"https:\\\/\\\/cetii.fr\\\/fr\\\/#\\\/schema\\\/logo\\\/image\\\/\",\"url\":\"https:\\\/\\\/cetii.fr\\\/fr\\\/wp-content\\\/uploads\\\/2025\\\/01\\\/Logo-CETii-2.png\",\"contentUrl\":\"https:\\\/\\\/cetii.fr\\\/fr\\\/wp-content\\\/uploads\\\/2025\\\/01\\\/Logo-CETii-2.png\",\"width\":2362,\"height\":985,\"caption\":\"CETii\"},\"image\":{\"@id\":\"https:\\\/\\\/cetii.fr\\\/fr\\\/#\\\/schema\\\/logo\\\/image\\\/\"},\"sameAs\":[\"https:\\\/\\\/www.facebook.com\\\/cetii.fr\\\/\",\"https:\\\/\\\/www.linkedin.com\\\/company\\\/cetii\"]}]}<\/script>\n<!-- \/ Yoast SEO Premium plugin. -->","yoast_head_json":{"title":"Mentions l\u00e9gales - CETii","robots":{"index":"index","follow":"follow","max-snippet":"max-snippet:-1","max-image-preview":"max-image-preview:large","max-video-preview":"max-video-preview:-1"},"canonical":"https:\/\/cetii.fr\/fr\/mentions-legales\/","og_locale":"fr_FR","og_type":"article","og_title":"Mentions l\u00e9gales","og_description":"CETii.fr Le site cetii.fr est \u00e9dit\u00e9 par CETii SARL au [...]","og_url":"https:\/\/cetii.fr\/fr\/mentions-legales\/","og_site_name":"CETii","article_publisher":"https:\/\/www.facebook.com\/cetii.fr\/","article_modified_time":"2025-11-18T14:23:47+00:00","twitter_card":"summary_large_image","twitter_misc":{"Dur\u00e9e de lecture estim\u00e9e":"2 minutes"},"schema":{"@context":"https:\/\/schema.org","@graph":[{"@type":"WebPage","@id":"https:\/\/cetii.fr\/fr\/mentions-legales\/","url":"https:\/\/cetii.fr\/fr\/mentions-legales\/","name":"Mentions l\u00e9gales - CETii","isPartOf":{"@id":"https:\/\/cetii.fr\/fr\/#website"},"datePublished":"2025-11-18T10:56:43+00:00","dateModified":"2025-11-18T14:23:47+00:00","breadcrumb":{"@id":"https:\/\/cetii.fr\/fr\/mentions-legales\/#breadcrumb"},"inLanguage":"fr-FR","potentialAction":[{"@type":"ReadAction","target":["https:\/\/cetii.fr\/fr\/mentions-legales\/"]}]},{"@type":"BreadcrumbList","@id":"https:\/\/cetii.fr\/fr\/mentions-legales\/#breadcrumb","itemListElement":[{"@type":"ListItem","position":1,"name":"Accueil","item":"https:\/\/cetii.fr\/fr\/"},{"@type":"ListItem","position":2,"name":"Mentions l\u00e9gales"}]},{"@type":"WebSite","@id":"https:\/\/cetii.fr\/fr\/#website","url":"https:\/\/cetii.fr\/fr\/","name":"CETii","description":"Mesurer la performance du b\u00e2timent","publisher":{"@id":"https:\/\/cetii.fr\/fr\/#organization"},"potentialAction":[{"@type":"SearchAction","target":{"@type":"EntryPoint","urlTemplate":"https:\/\/cetii.fr\/fr\/?s={search_term_string}"},"query-input":{"@type":"PropertyValueSpecification","valueRequired":true,"valueName":"search_term_string"}}],"inLanguage":"fr-FR"},{"@type":"Organization","@id":"https:\/\/cetii.fr\/fr\/#organization","name":"CETii","url":"https:\/\/cetii.fr\/fr\/","logo":{"@type":"ImageObject","inLanguage":"fr-FR","@id":"https:\/\/cetii.fr\/fr\/#\/schema\/logo\/image\/","url":"https:\/\/cetii.fr\/fr\/wp-content\/uploads\/2025\/01\/Logo-CETii-2.png","contentUrl":"https:\/\/cetii.fr\/fr\/wp-content\/uploads\/2025\/01\/Logo-CETii-2.png","width":2362,"height":985,"caption":"CETii"},"image":{"@id":"https:\/\/cetii.fr\/fr\/#\/schema\/logo\/image\/"},"sameAs":["https:\/\/www.facebook.com\/cetii.fr\/","https:\/\/www.linkedin.com\/company\/cetii"]}]}},"_links":{"self":[{"href":"https:\/\/cetii.fr\/fr\/wp-json\/wp\/v2\/pages\/4539","targetHints":{"allow":["GET"]}}],"collection":[{"href":"https:\/\/cetii.fr\/fr\/wp-json\/wp\/v2\/pages"}],"about":[{"href":"https:\/\/cetii.fr\/fr\/wp-json\/wp\/v2\/types\/page"}],"author":[{"embeddable":true,"href":"https:\/\/cetii.fr\/fr\/wp-json\/wp\/v2\/users\/1"}],"replies":[{"embeddable":true,"href":"https:\/\/cetii.fr\/fr\/wp-json\/wp\/v2\/comments?post=4539"}],"version-history":[{"count":6,"href":"https:\/\/cetii.fr\/fr\/wp-json\/wp\/v2\/pages\/4539\/revisions"}],"predecessor-version":[{"id":4567,"href":"https:\/\/cetii.fr\/fr\/wp-json\/wp\/v2\/pages\/4539\/revisions\/4567"}],"wp:attachment":[{"href":"https:\/\/cetii.fr\/fr\/wp-json\/wp\/v2\/media?parent=4539"}],"curies":[{"name":"wp","href":"https:\/\/api.w.org\/{rel}","templated":true}]}}