{"id":4546,"date":"2025-11-18T12:26:26","date_gmt":"2025-11-18T11:26:26","guid":{"rendered":"https:\/\/cetii.fr\/fr\/?page_id=4546"},"modified":"2025-11-18T17:24:37","modified_gmt":"2025-11-18T16:24:37","slug":"contrats","status":"publish","type":"page","link":"https:\/\/cetii.fr\/fr\/contrats\/","title":{"rendered":"Contrats"},"content":{"rendered":"<div class=\"fusion-fullwidth fullwidth-box fusion-builder-row-1 fusion-flex-container nonhundred-percent-fullwidth non-hundred-percent-height-scrolling\" style=\"--awb-border-radius-top-left:0px;--awb-border-radius-top-right:0px;--awb-border-radius-bottom-right:0px;--awb-border-radius-bottom-left:0px;--awb-flex-wrap:wrap;\" ><div class=\"fusion-builder-row fusion-row fusion-flex-align-items-flex-start fusion-flex-content-wrap\" style=\"max-width:1310.4px;margin-left: calc(-4% \/ 2 );margin-right: calc(-4% \/ 2 );\"><div class=\"fusion-layout-column fusion_builder_column fusion-builder-column-0 fusion_builder_column_1_1 1_1 fusion-flex-column\" style=\"--awb-bg-size:cover;--awb-width-large:100%;--awb-margin-top-large:0px;--awb-spacing-right-large:1.92%;--awb-margin-bottom-large:0px;--awb-spacing-left-large:1.92%;--awb-width-medium:100%;--awb-spacing-right-medium:1.92%;--awb-spacing-left-medium:1.92%;--awb-width-small:100%;--awb-spacing-right-small:1.92%;--awb-spacing-left-small:1.92%;\"><div class=\"fusion-column-wrapper fusion-flex-justify-content-flex-start fusion-content-layout-column\"><div class=\"fusion-text fusion-text-1\"><h2>Conditions g\u00e9n\u00e9rales<\/h2>\n<\/div>\n<div class=\"table-2\">\n<table width=\"100%\">\n<tbody>\n<tr>\n<td align=\"left\">Conditions g\u00e9n\u00e9rales de vente : Produits, Mat\u00e9riels, Etalonnages, SAV<\/td>\n<td style=\"text-align: center;\" align=\"left\"><a href=\"https:\/\/cetii.fr\/fr\/wp-content\/uploads\/2025\/11\/CONDITIONS-GENERALES-DE-VENTE-\u2013-Produits-Materiels-Etalonnage-et-SAV-CETII.pdf\" target=\"_blank\" rel=\"noopener\">[PDF]<\/a><\/td>\n<\/tr>\n<tr>\n<td align=\"left\">Conditions g\u00e9n\u00e9rales de vente : Prestations de Service<\/td>\n<td style=\"text-align: center;\" align=\"left\"><a href=\"https:\/\/cetii.fr\/fr\/wp-content\/uploads\/2025\/11\/CONDITIONS-GENERALES-DE-VENTE-\u2013-Prestations-de-service-CETII.pdf\" target=\"_blank\" rel=\"noopener\">[PDF]<\/a><\/td>\n<\/tr>\n<tr>\n<td align=\"left\">Conditions g\u00e9n\u00e9rales de Location<\/td>\n<td style=\"text-align: center;\" align=\"left\"><a href=\"https:\/\/cetii.fr\/fr\/wp-content\/uploads\/2025\/11\/CONDITIONS-GENERALES-DE-VENTE-\u2013-Location-CETII.pdf\">[PDF]<\/a><\/td>\n<\/tr>\n<tr>\n<td align=\"left\">Conditions g\u00e9n\u00e9rales de Formation<\/td>\n<td style=\"text-align: center;\" align=\"left\"><a href=\"https:\/\/cetii.fr\/fr\/wp-content\/uploads\/2025\/11\/CONDITIONS-GENERALES-DE-VENTE-\u2013-FORMATIONS-CETII.pdf\" target=\"_blank\" rel=\"noopener\">[PDF]<\/a><\/td>\n<\/tr>\n<\/tbody>\n<\/table>\n<\/div>\n<div class=\"fusion-text fusion-text-2\"><h2><\/h2>\n<h2>Informations diverses<\/h2>\n<ul>\n<li><a href=\"https:\/\/cetii.fr\/fr\/rgpd\/\">Donn\u00e9es personnelles &#8211; RGPD<\/a><\/li>\n<li><a href=\"https:\/\/cetii.fr\/fr\/cookies\/\">Cookies et traceurs<\/a><\/li>\n<li><a href=\"https:\/\/cetii.fr\/fr\/mentions-legales\/\">Mentions l\u00e9gales<\/a><\/li>\n<\/ul>\n<\/div><\/div><\/div><\/div><\/div>\n","protected":false},"excerpt":{"rendered":"","protected":false},"author":1,"featured_media":0,"parent":0,"menu_order":0,"comment_status":"closed","ping_status":"closed","template":"","meta":{"footnotes":""},"class_list":["post-4546","page","type-page","status-publish","hentry"],"yoast_head":"<!-- This site is optimized with the Yoast SEO Premium plugin v25.9 (Yoast SEO v27.4) - https:\/\/yoast.com\/product\/yoast-seo-premium-wordpress\/ -->\n<title>Contrats - CETii<\/title>\n<meta name=\"robots\" content=\"index, follow, max-snippet:-1, max-image-preview:large, max-video-preview:-1\" \/>\n<link rel=\"canonical\" href=\"https:\/\/cetii.fr\/fr\/contrats\/\" \/>\n<meta property=\"og:locale\" content=\"fr_FR\" \/>\n<meta property=\"og:type\" content=\"article\" \/>\n<meta property=\"og:title\" content=\"Contrats\" \/>\n<meta property=\"og:url\" content=\"https:\/\/cetii.fr\/fr\/contrats\/\" \/>\n<meta property=\"og:site_name\" content=\"CETii\" \/>\n<meta property=\"article:publisher\" content=\"https:\/\/www.facebook.com\/cetii.fr\/\" \/>\n<meta property=\"article:modified_time\" content=\"2025-11-18T16:24:37+00:00\" \/>\n<meta name=\"twitter:card\" content=\"summary_large_image\" \/>\n<meta name=\"twitter:label1\" content=\"Dur\u00e9e de lecture estim\u00e9e\" \/>\n\t<meta name=\"twitter:data1\" content=\"1 minute\" \/>\n<script type=\"application\/ld+json\" class=\"yoast-schema-graph\">{\"@context\":\"https:\\\/\\\/schema.org\",\"@graph\":[{\"@type\":\"WebPage\",\"@id\":\"https:\\\/\\\/cetii.fr\\\/fr\\\/contrats\\\/\",\"url\":\"https:\\\/\\\/cetii.fr\\\/fr\\\/contrats\\\/\",\"name\":\"Contrats - CETii\",\"isPartOf\":{\"@id\":\"https:\\\/\\\/cetii.fr\\\/fr\\\/#website\"},\"datePublished\":\"2025-11-18T11:26:26+00:00\",\"dateModified\":\"2025-11-18T16:24:37+00:00\",\"breadcrumb\":{\"@id\":\"https:\\\/\\\/cetii.fr\\\/fr\\\/contrats\\\/#breadcrumb\"},\"inLanguage\":\"fr-FR\",\"potentialAction\":[{\"@type\":\"ReadAction\",\"target\":[\"https:\\\/\\\/cetii.fr\\\/fr\\\/contrats\\\/\"]}]},{\"@type\":\"BreadcrumbList\",\"@id\":\"https:\\\/\\\/cetii.fr\\\/fr\\\/contrats\\\/#breadcrumb\",\"itemListElement\":[{\"@type\":\"ListItem\",\"position\":1,\"name\":\"Accueil\",\"item\":\"https:\\\/\\\/cetii.fr\\\/fr\\\/\"},{\"@type\":\"ListItem\",\"position\":2,\"name\":\"Contrats\"}]},{\"@type\":\"WebSite\",\"@id\":\"https:\\\/\\\/cetii.fr\\\/fr\\\/#website\",\"url\":\"https:\\\/\\\/cetii.fr\\\/fr\\\/\",\"name\":\"CETii\",\"description\":\"Mesurer la performance du b\u00e2timent\",\"publisher\":{\"@id\":\"https:\\\/\\\/cetii.fr\\\/fr\\\/#organization\"},\"potentialAction\":[{\"@type\":\"SearchAction\",\"target\":{\"@type\":\"EntryPoint\",\"urlTemplate\":\"https:\\\/\\\/cetii.fr\\\/fr\\\/?s={search_term_string}\"},\"query-input\":{\"@type\":\"PropertyValueSpecification\",\"valueRequired\":true,\"valueName\":\"search_term_string\"}}],\"inLanguage\":\"fr-FR\"},{\"@type\":\"Organization\",\"@id\":\"https:\\\/\\\/cetii.fr\\\/fr\\\/#organization\",\"name\":\"CETii\",\"url\":\"https:\\\/\\\/cetii.fr\\\/fr\\\/\",\"logo\":{\"@type\":\"ImageObject\",\"inLanguage\":\"fr-FR\",\"@id\":\"https:\\\/\\\/cetii.fr\\\/fr\\\/#\\\/schema\\\/logo\\\/image\\\/\",\"url\":\"https:\\\/\\\/cetii.fr\\\/fr\\\/wp-content\\\/uploads\\\/2025\\\/01\\\/Logo-CETii-2.png\",\"contentUrl\":\"https:\\\/\\\/cetii.fr\\\/fr\\\/wp-content\\\/uploads\\\/2025\\\/01\\\/Logo-CETii-2.png\",\"width\":2362,\"height\":985,\"caption\":\"CETii\"},\"image\":{\"@id\":\"https:\\\/\\\/cetii.fr\\\/fr\\\/#\\\/schema\\\/logo\\\/image\\\/\"},\"sameAs\":[\"https:\\\/\\\/www.facebook.com\\\/cetii.fr\\\/\",\"https:\\\/\\\/www.linkedin.com\\\/company\\\/cetii\"]}]}<\/script>\n<!-- \/ Yoast SEO Premium plugin. -->","yoast_head_json":{"title":"Contrats - CETii","robots":{"index":"index","follow":"follow","max-snippet":"max-snippet:-1","max-image-preview":"max-image-preview:large","max-video-preview":"max-video-preview:-1"},"canonical":"https:\/\/cetii.fr\/fr\/contrats\/","og_locale":"fr_FR","og_type":"article","og_title":"Contrats","og_url":"https:\/\/cetii.fr\/fr\/contrats\/","og_site_name":"CETii","article_publisher":"https:\/\/www.facebook.com\/cetii.fr\/","article_modified_time":"2025-11-18T16:24:37+00:00","twitter_card":"summary_large_image","twitter_misc":{"Dur\u00e9e de lecture estim\u00e9e":"1 minute"},"schema":{"@context":"https:\/\/schema.org","@graph":[{"@type":"WebPage","@id":"https:\/\/cetii.fr\/fr\/contrats\/","url":"https:\/\/cetii.fr\/fr\/contrats\/","name":"Contrats - CETii","isPartOf":{"@id":"https:\/\/cetii.fr\/fr\/#website"},"datePublished":"2025-11-18T11:26:26+00:00","dateModified":"2025-11-18T16:24:37+00:00","breadcrumb":{"@id":"https:\/\/cetii.fr\/fr\/contrats\/#breadcrumb"},"inLanguage":"fr-FR","potentialAction":[{"@type":"ReadAction","target":["https:\/\/cetii.fr\/fr\/contrats\/"]}]},{"@type":"BreadcrumbList","@id":"https:\/\/cetii.fr\/fr\/contrats\/#breadcrumb","itemListElement":[{"@type":"ListItem","position":1,"name":"Accueil","item":"https:\/\/cetii.fr\/fr\/"},{"@type":"ListItem","position":2,"name":"Contrats"}]},{"@type":"WebSite","@id":"https:\/\/cetii.fr\/fr\/#website","url":"https:\/\/cetii.fr\/fr\/","name":"CETii","description":"Mesurer la performance du b\u00e2timent","publisher":{"@id":"https:\/\/cetii.fr\/fr\/#organization"},"potentialAction":[{"@type":"SearchAction","target":{"@type":"EntryPoint","urlTemplate":"https:\/\/cetii.fr\/fr\/?s={search_term_string}"},"query-input":{"@type":"PropertyValueSpecification","valueRequired":true,"valueName":"search_term_string"}}],"inLanguage":"fr-FR"},{"@type":"Organization","@id":"https:\/\/cetii.fr\/fr\/#organization","name":"CETii","url":"https:\/\/cetii.fr\/fr\/","logo":{"@type":"ImageObject","inLanguage":"fr-FR","@id":"https:\/\/cetii.fr\/fr\/#\/schema\/logo\/image\/","url":"https:\/\/cetii.fr\/fr\/wp-content\/uploads\/2025\/01\/Logo-CETii-2.png","contentUrl":"https:\/\/cetii.fr\/fr\/wp-content\/uploads\/2025\/01\/Logo-CETii-2.png","width":2362,"height":985,"caption":"CETii"},"image":{"@id":"https:\/\/cetii.fr\/fr\/#\/schema\/logo\/image\/"},"sameAs":["https:\/\/www.facebook.com\/cetii.fr\/","https:\/\/www.linkedin.com\/company\/cetii"]}]}},"_links":{"self":[{"href":"https:\/\/cetii.fr\/fr\/wp-json\/wp\/v2\/pages\/4546","targetHints":{"allow":["GET"]}}],"collection":[{"href":"https:\/\/cetii.fr\/fr\/wp-json\/wp\/v2\/pages"}],"about":[{"href":"https:\/\/cetii.fr\/fr\/wp-json\/wp\/v2\/types\/page"}],"author":[{"embeddable":true,"href":"https:\/\/cetii.fr\/fr\/wp-json\/wp\/v2\/users\/1"}],"replies":[{"embeddable":true,"href":"https:\/\/cetii.fr\/fr\/wp-json\/wp\/v2\/comments?post=4546"}],"version-history":[{"count":10,"href":"https:\/\/cetii.fr\/fr\/wp-json\/wp\/v2\/pages\/4546\/revisions"}],"predecessor-version":[{"id":4577,"href":"https:\/\/cetii.fr\/fr\/wp-json\/wp\/v2\/pages\/4546\/revisions\/4577"}],"wp:attachment":[{"href":"https:\/\/cetii.fr\/fr\/wp-json\/wp\/v2\/media?parent=4546"}],"curies":[{"name":"wp","href":"https:\/\/api.w.org\/{rel}","templated":true}]}}