{"id":4557,"date":"2025-11-18T15:05:59","date_gmt":"2025-11-18T14:05:59","guid":{"rendered":"https:\/\/cetii.fr\/fr\/?page_id=4557"},"modified":"2025-11-18T15:27:29","modified_gmt":"2025-11-18T14:27:29","slug":"rgpd","status":"publish","type":"page","link":"https:\/\/cetii.fr\/fr\/rgpd\/","title":{"rendered":"RGPD"},"content":{"rendered":"<h2 class=\"font_8 wixui-rich-text__text\"><span class=\"wixui-rich-text__text\">Politique de protection des donn\u00e9es<\/span><\/h2>\n<p class=\"font_8 wixui-rich-text__text\">Les donn\u00e9es personnelles que vous nous communiquez sont prot\u00e9g\u00e9es par le R\u00e8glement (UE) 2016\/679 du Parlement europ\u00e9en et du Conseil du 27 avril 2016 relatif \u00e0 la protection des personnes physiques \u00e0 l\u2019\u00e9gard du traitement des donn\u00e9es \u00e0 caract\u00e8re personnel et \u00e0 la libre circulation de ces donn\u00e9es (le \u00ab RGPD \u00bb), ainsi que par la loi n\u00b0 78-17 du 6 janvier 1978 relative \u00e0 l&rsquo;Informatique, aux Fichiers et aux Libert\u00e9s, dans sa derni\u00e8re version en vigueur.<br \/>\nCette Politique de protection des donn\u00e9es personnelles est destin\u00e9e \u00e0 fournir, aux visiteurs et utilisateurs du site www.cetii.fr, des informations relatives aux traitements r\u00e9alis\u00e9s par la soci\u00e9t\u00e9 CETii de leurs donn\u00e9es \u00e0 caract\u00e8re personnel dans le cadre de la gestion de son site internet.<br \/>\nLe traitement de donn\u00e9es concerne uniquement les personnes qui effectuent une demande d\u2019information, consultent le site internet ou acc\u00e8dent \u00e0 leur espace personnel.<\/p>\n<h2 class=\"font_8 wixui-rich-text__text\">Identit\u00e9 et coordonn\u00e9es du responsable de traitement<\/h2>\n<p class=\"font_8 wixui-rich-text__text\">Concernant le traitement de vos Donn\u00e9es Personnelles collect\u00e9es via le site www.cetii.fr, le responsable de traitement de vos donn\u00e9es est la soci\u00e9t\u00e9 CETii SARL.<br \/>\nLes personnes en charge de la protection des donn\u00e9es personnelles de la soci\u00e9t\u00e9 CETii sont disponibles pour r\u00e9pondre \u00e0 toutes vos questions relatives \u00e0 vos donn\u00e9es personnelles par mail <a class=\"wixui-rich-text__text\" href=\"mailto:info@cetii.fr\" data-auto-recognition=\"true\">info@cetii.fr<\/a>, ou \u00e0 l\u2019adresse suivante : 1 rue de la Coronelle, 30200 Bagnols sur C\u00e8ze.<\/p>\n<h2 class=\"font_8 wixui-rich-text__text\"><span class=\"wixui-rich-text__text\">Pourquoi vos donn\u00e9es sont-elles collect\u00e9es\u202f?<\/span><\/h2>\n<p class=\"font_8 wixui-rich-text__text\">Les traitements mis en \u0153uvre sont r\u00e9alis\u00e9s sur la base de votre consentement ou sur la base de l\u2019ex\u00e9cution de mesures pr\u00e9contractuelle ou contractuelle et sont destin\u00e9s \u00e0 nous permettre de\u202f:<\/p>\n<ul>\n<li class=\"font_8 wixui-rich-text__text\">R\u00e9pondre \u00e0 vos questions adress\u00e9es via le formulaire de contact.<\/li>\n<li class=\"font_8 wixui-rich-text__text\">R\u00e9pondre \u00e0 une demande.<\/li>\n<li class=\"font_8 wixui-rich-text__text\">Vous envoyer des alertes correspondant \u00e0 vos recherches si vous y avez consenti.<\/li>\n<li class=\"font_8 wixui-rich-text__text\">Vous envoyer notre newsletter si vous y avez consenti.<\/li>\n<li class=\"font_8 wixui-rich-text__text\">Am\u00e9liorer votre exp\u00e9rience d\u2019utilisateur, notamment en : permettant aux Sites de reconna\u00eetre votre mat\u00e9riel, ainsi vous n\u2019aurez pas \u00e0 fournir plusieurs fois les m\u00eames informations afin d\u2019ex\u00e9cuter la m\u00eame t\u00e2che; reconnaissant le nom d\u2019utilisateur et le mot de passe que vous avez d\u00e9j\u00e0 fournis afin que vous n\u2019ayez pas \u00e0 les renseigner sur chaque page web de notre site qui en ferait la demande.<\/li>\n<li class=\"font_8 wixui-rich-text__text\">Analyser le trafic et les donn\u00e9es sur les Sites afin de mesurer le nombre d\u2019utilisateurs du site, de le rendre plus facile \u00e0 utiliser et de s\u2019assurer de sa capacit\u00e9 \u00e0 r\u00e9pondre de mani\u00e8re rapide \u00e0 vos demandes.<\/li>\n<\/ul>\n<h2 class=\"font_8 wixui-rich-text__text\"><span class=\"wixGuard wixui-rich-text__text\">\u200b<\/span><span class=\"wixui-rich-text__text\">Quelles sont les donn\u00e9es collect\u00e9es\u202f?<\/span><\/h2>\n<p class=\"font_8 wixui-rich-text__text\">Les donn\u00e9es personnelles collect\u00e9es sont :<\/p>\n<ul>\n<li class=\"font_8 wixui-rich-text__text\">Vos nom, pr\u00e9nom, adresse mail et n\u00b0 de t\u00e9l\u00e9phone.<\/li>\n<li class=\"font_8 wixui-rich-text__text\">Votre adresse mail afin de vous envoyer les alertes souhait\u00e9es ou notre newsletter.<\/li>\n<li class=\"font_8 wixui-rich-text__text\">Vos coordonn\u00e9es compl\u00e8tes (nom, pr\u00e9nom, adresse mail, adresse postale, n\u00b0 de t\u00e9l\u00e9phone), vos dates de s\u00e9jour, ainsi que vos donn\u00e9es bancaires dans le cadre d\u2019une r\u00e9servation de location en ligne.<\/li>\n<li class=\"font_8 wixui-rich-text__text\">Vos nom, pr\u00e9nom, adresse mail et n\u00b0 de t\u00e9l\u00e9phone, ainsi que les informations relatives au bien que vous souhaitez mettre en vente \/ location, pour r\u00e9pondre \u00e0 votre demande d\u2019estimation immobili\u00e8re.<\/li>\n<li class=\"font_8 wixui-rich-text__text\">Les Donn\u00e9es relatives \u00e0 la navigation : il s\u2019agit des Donn\u00e9es relatives \u00e0 la mani\u00e8re dont vous utilisez les Sites comprenant : l\u2019adresse IP, le navigateur utilis\u00e9, la dur\u00e9e de navigation, l\u2019historique des recherches, le syst\u00e8me d\u2019exploitation utilis\u00e9, la langue et les pages visualis\u00e9es;<\/li>\n<li class=\"font_8 wixui-rich-text__text\">Les Donn\u00e9es concernant vos visites sur nos Sites, y compris les donn\u00e9es de trafic, les fichiers de journal et autres donn\u00e9es ou ressources de communication que vous utilisez en acc\u00e9dant \u00e0 nos Sites.<\/li>\n<li class=\"font_8 wixui-rich-text__text\">Les Donn\u00e9es relatives \u00e0 l\u2019utilisation des r\u00e9seaux sociaux lorsque vous en utilisez les fonctionnalit\u00e9s.<\/li>\n<li class=\"font_8 wixui-rich-text__text\">Lorsque vous d\u00e9cidez de suivre les informations de la soci\u00e9t\u00e9 CETii au moyen d&rsquo;un service tiers (LinkedIn, Viadeo, YouTube, Google, Pinterest, Instagram, Scoop.it, Facebook ou Twitter), nous collectons aupr\u00e8s du fournisseur du service tiers les donn\u00e9es n\u00e9cessaires \u00e0 la connexion que vous avez autoris\u00e9e, comme votre nom et votre adresse e-mail.<\/li>\n<li class=\"font_8 wixui-rich-text__text\">Les autres donn\u00e9es que nous collectons d\u00e9pendent des param\u00e8tres de confidentialit\u00e9 que vous avez d\u00e9finis aupr\u00e8s de votre fournisseur du service tiers, et nous vous invitons donc \u00e0 consulter la politique de confidentialit\u00e9 applicable au service concern\u00e9.<\/li>\n<li class=\"font_8 wixui-rich-text__text\">Les donn\u00e9es pr\u00e9cis\u00e9es dans votre contrat en fonction des services souscrits, en tout \u00e9tat de cause\u202f:vos donn\u00e9es de connexion et d\u2019identification ainsi que l\u2019ensemble des informations que vous communiquez via votre espace personnel.<\/li>\n<\/ul>\n<h2 class=\"font_8 wixui-rich-text__text\"><span class=\"wixGuard wixui-rich-text__text\">\u200b<\/span><span class=\"wixui-rich-text__text\">Qui traite vos donn\u00e9es\u202f?<\/span><\/h2>\n<p class=\"font_8 wixui-rich-text__text\">Sont destinataires des donn\u00e9es, les divers services de la soci\u00e9t\u00e9 CETii, susceptibles d\u2019apporter une r\u00e9ponse \u00e0 votre question.<\/p>\n<p class=\"font_8 wixui-rich-text__text\">Enfin, nous pouvons \u00e9galement \u00eatre amen\u00e9s \u00e0 communiquer vos donn\u00e9es personnelles aux fins ou en relation avec les autres op\u00e9rations suivantes li\u00e9es \u00e0 :<\/p>\n<ul>\n<li class=\"font_8 wixui-rich-text__text\">des exigences l\u00e9gales ou r\u00e9glementaires applicables;<\/li>\n<li class=\"font_8 wixui-rich-text__text\">des demandes de communications de la part des autorit\u00e9s comp\u00e9tentes;<\/li>\n<li class=\"font_8 wixui-rich-text__text\">la protection de nos droits et ceux de nos clients.<\/li>\n<\/ul>\n<h2 class=\"font_8 wixui-rich-text__text\"><span class=\"wixGuard wixui-rich-text__text\">\u200b<\/span><span class=\"wixui-rich-text__text\">Combien de temps vos donn\u00e9es sont-elles conserv\u00e9es\u202f?<\/span><\/h2>\n<p>La soci\u00e9t\u00e9 CETii ne conserve vos Donn\u00e9es que pour la dur\u00e9e n\u00e9cessaire aux finalit\u00e9s expos\u00e9es.<br \/>\nCette dur\u00e9e de conservation n\u2019est pas la m\u00eame selon les donn\u00e9es en cause, la nature et la finalit\u00e9 de la collecte. De m\u00eame, certaines obligations l\u00e9gales imposent une dur\u00e9e de conservation sp\u00e9cifique.<br \/>\nConcernant les donn\u00e9es personnelles collect\u00e9es et trait\u00e9es dans le cadre de vos questions, celles-ci seront conserv\u00e9es 3 ans (5 ans si vous \u00eates client).<br \/>\nConcernant votre inscription \u00e0 nos actualit\u00e9s et newsletters vos donn\u00e9es sont conserv\u00e9es pendant 3 ans(5 ans si vous \u00eates clients de la soci\u00e9t\u00e9).<br \/>\nConcernant les donn\u00e9es collect\u00e9es via votre espace personnel, celles-ci sont conserv\u00e9es pendant la dur\u00e9e de notre relation contractuelle et jusqu\u2019\u00e0 5 ans apr\u00e8s la fin de celle-ci.<br \/>\nConcernant vos donn\u00e9es de connexions, sous r\u00e9serve de votre accord concernant l\u2019utilisation de cookies, vos logs de connexions et adresses IP seront conserv\u00e9s conform\u00e9ment \u00e0 la r\u00e9glementation applicable pour une dur\u00e9e n\u2019exc\u00e9dant pas treize mois.<br \/>\nPlus de d\u00e9tails concernant l\u2019utilisation des cookies vous sont communiqu\u00e9s dans notre Politique cookies.<br \/>\nIl vous est possible de vous opposer \u00e0 leur utilisation et de demander leur suppression sur simple demande aupr\u00e8s du responsable de traitement.<\/p>\n<p class=\"font_8 wixui-rich-text__text\"><strong><span class=\"wixGuard wixui-rich-text__text\">\u200b<\/span><span class=\"wixui-rich-text__text\">Comment vos donn\u00e9es sont-elles prot\u00e9g\u00e9es\u202f?<\/span><\/strong><\/p>\n<p class=\"font_8 wixui-rich-text__text\">Nous avons mis en place des mesures techniques et organisationnelles destin\u00e9es \u00e0 garantir la s\u00e9curit\u00e9 et la confidentialit\u00e9 de vos Donn\u00e9es contre toute perte accidentelle et contre tout acc\u00e8s, utilisation, modification et divulgation non autoris\u00e9.<br \/>\nCompte tenu des particularit\u00e9s inh\u00e9rentes \u00e0 Internet, il nous est toutefois impossible de garantir la s\u00e9curit\u00e9 optimale des \u00e9changes d\u2019informations sur ce r\u00e9seau.<br \/>\nNous nous effor\u00e7ons de prot\u00e9ger vos Donn\u00e9es, mais nous ne pouvons garantir la s\u00e9curit\u00e9 absolue des informations transmises au Site. Vous transmettez vos Donn\u00e9es \u00e0 vos propres risques.<br \/>\nNous ne pouvons \u00eatre tenus responsables du non-respect des param\u00e8tres de confidentialit\u00e9 ou des mesures de s\u00e9curit\u00e9 en place sur nos Sites.<br \/>\nA ce titre, vous convenez que la s\u00e9curit\u00e9 de vos informations est \u00e9galement de votre ressort. Par exemple, il vous incombe de garder secret le mot de passe vous permettant d\u2019acc\u00e9der \u00e0 votre compte d\u2019utilisateur.<br \/>\nNe le divulguez en aucun cas \u00e0 des tiers. De m\u00eame, soyez vigilant lorsque vous divulguez des informations dans les sections publiques du Site, ces derni\u00e8res pouvant \u00eatre consult\u00e9es par n\u2019importe quel utilisateur du Site.<\/p>\n<h2 class=\"font_8 wixui-rich-text__text\"><span class=\"wixGuard wixui-rich-text__text\">\u200b<\/span><span class=\"wixui-rich-text__text\">Quels sont vos droits\u202f?<\/span><\/h2>\n<p class=\"font_8 wixui-rich-text__text\">Conform\u00e9ment aux r\u00e8glementations en vigueur, vous pouvez exercer divers droits li\u00e9s \u00e0 la protection de vos donn\u00e9es personnelles.<br \/>\nVous avez notamment le droit d\u2019\u00eatre inform\u00e9 sur l\u2019utilisation de vos donn\u00e9es, acc\u00e9der et obtenir copie des donn\u00e9es vous concernant, vous opposer au traitement de ces donn\u00e9es, les faire rectifier ou les faire effacer. Vous disposez \u00e9galement, d\u2019un droit \u00e0 la portabilit\u00e9 de vos donn\u00e9es ainsi qu\u2019un droit \u00e0 la limitation du traitement de vos donn\u00e9es.<br \/>\nVous pouvez retrouver l\u2019ensemble des informations concernant ces diff\u00e9rents droits sur le site de la CNIL \u00e0 l\u2019adresse suivante :<span class=\"wixui-rich-text__text\"><a class=\"wixui-rich-text__text\" href=\"https:\/\/www.cnil.fr\/fr\/les-droits-pour-maitriser-vos-donnees-personnelles\" target=\"_blank\" rel=\"noreferrer noopener\">https:\/\/www.cnil.fr\/fr\/les-droits-pour-maitriser-vos-donnees-personnelles<\/a><\/span>.<br \/>\nAfin d\u2019exercer vos droits vous pouvez contacter le responsable de traitement \u00e0 l\u2019adresse suivante mail suivante:\u00a0<a href=\"mailto:info@cetii.fr\">info@cetii.fr<\/a> ou \u00e0 par courrier l\u2019adresse suivante : 1 rue de la Coronelle, 30200 Bagnols sur C\u00e8ze.<br \/>\nSi vous estimez, apr\u00e8s nous avoir contact\u00e9, que vos droits sur vos donn\u00e9es ne sont pas respect\u00e9s, il vous est possible d\u2019adresser une r\u00e9clamation \u00e0 la Commission Nationale de l\u2019Informatique et des Libert\u00e9s via le formulaire suivant:<span class=\"wixui-rich-text__text\"><a class=\"wixui-rich-text__text\" href=\"https:\/\/www.cnil.fr\/fr\/webform\/adresser-une-plainte\" target=\"_blank\" rel=\"noreferrer noopener\">https:\/\/www.cnil.fr\/fr\/webform\/adresser-une-plainte<\/a><\/span>.<\/p>\n<h2>Informations diverses<\/h2>\n<ul>\n<li><a href=\"https:\/\/cetii.fr\/fr\/contrats\/\">Contrats : Conditions G\u00e9n\u00e9rales<\/a><\/li>\n<li><a href=\"https:\/\/cetii.fr\/fr\/mentions-legales\/\">Mentions l\u00e9gales<\/a><\/li>\n<li><a href=\"https:\/\/cetii.fr\/fr\/cookies\/\">Cookies et traceurs<\/a><\/li>\n<\/ul>\n","protected":false},"excerpt":{"rendered":"<p>Politique de protection des donn\u00e9es Les donn\u00e9es personnelles que vous  [&#8230;]<\/p>\n","protected":false},"author":1,"featured_media":0,"parent":0,"menu_order":0,"comment_status":"closed","ping_status":"closed","template":"","meta":{"footnotes":""},"class_list":["post-4557","page","type-page","status-publish","hentry"],"yoast_head":"<!-- This site is optimized with the Yoast SEO Premium plugin v25.9 (Yoast SEO v27.4) - https:\/\/yoast.com\/product\/yoast-seo-premium-wordpress\/ -->\n<title>RGPD - CETii<\/title>\n<meta name=\"robots\" content=\"index, follow, max-snippet:-1, max-image-preview:large, max-video-preview:-1\" \/>\n<link rel=\"canonical\" href=\"https:\/\/cetii.fr\/fr\/rgpd\/\" \/>\n<meta property=\"og:locale\" content=\"fr_FR\" \/>\n<meta property=\"og:type\" content=\"article\" \/>\n<meta property=\"og:title\" content=\"RGPD\" \/>\n<meta property=\"og:description\" content=\"Politique de protection des donn\u00e9es Les donn\u00e9es personnelles que vous [...]\" \/>\n<meta property=\"og:url\" content=\"https:\/\/cetii.fr\/fr\/rgpd\/\" \/>\n<meta property=\"og:site_name\" content=\"CETii\" \/>\n<meta property=\"article:publisher\" content=\"https:\/\/www.facebook.com\/cetii.fr\/\" \/>\n<meta property=\"article:modified_time\" content=\"2025-11-18T14:27:29+00:00\" \/>\n<meta name=\"twitter:card\" content=\"summary_large_image\" \/>\n<meta name=\"twitter:label1\" content=\"Dur\u00e9e de lecture estim\u00e9e\" \/>\n\t<meta name=\"twitter:data1\" content=\"7 minutes\" \/>\n<script type=\"application\/ld+json\" class=\"yoast-schema-graph\">{\"@context\":\"https:\\\/\\\/schema.org\",\"@graph\":[{\"@type\":\"WebPage\",\"@id\":\"https:\\\/\\\/cetii.fr\\\/fr\\\/rgpd\\\/\",\"url\":\"https:\\\/\\\/cetii.fr\\\/fr\\\/rgpd\\\/\",\"name\":\"RGPD - CETii\",\"isPartOf\":{\"@id\":\"https:\\\/\\\/cetii.fr\\\/fr\\\/#website\"},\"datePublished\":\"2025-11-18T14:05:59+00:00\",\"dateModified\":\"2025-11-18T14:27:29+00:00\",\"breadcrumb\":{\"@id\":\"https:\\\/\\\/cetii.fr\\\/fr\\\/rgpd\\\/#breadcrumb\"},\"inLanguage\":\"fr-FR\",\"potentialAction\":[{\"@type\":\"ReadAction\",\"target\":[\"https:\\\/\\\/cetii.fr\\\/fr\\\/rgpd\\\/\"]}]},{\"@type\":\"BreadcrumbList\",\"@id\":\"https:\\\/\\\/cetii.fr\\\/fr\\\/rgpd\\\/#breadcrumb\",\"itemListElement\":[{\"@type\":\"ListItem\",\"position\":1,\"name\":\"Accueil\",\"item\":\"https:\\\/\\\/cetii.fr\\\/fr\\\/\"},{\"@type\":\"ListItem\",\"position\":2,\"name\":\"RGPD\"}]},{\"@type\":\"WebSite\",\"@id\":\"https:\\\/\\\/cetii.fr\\\/fr\\\/#website\",\"url\":\"https:\\\/\\\/cetii.fr\\\/fr\\\/\",\"name\":\"CETii\",\"description\":\"Mesurer la performance du b\u00e2timent\",\"publisher\":{\"@id\":\"https:\\\/\\\/cetii.fr\\\/fr\\\/#organization\"},\"potentialAction\":[{\"@type\":\"SearchAction\",\"target\":{\"@type\":\"EntryPoint\",\"urlTemplate\":\"https:\\\/\\\/cetii.fr\\\/fr\\\/?s={search_term_string}\"},\"query-input\":{\"@type\":\"PropertyValueSpecification\",\"valueRequired\":true,\"valueName\":\"search_term_string\"}}],\"inLanguage\":\"fr-FR\"},{\"@type\":\"Organization\",\"@id\":\"https:\\\/\\\/cetii.fr\\\/fr\\\/#organization\",\"name\":\"CETii\",\"url\":\"https:\\\/\\\/cetii.fr\\\/fr\\\/\",\"logo\":{\"@type\":\"ImageObject\",\"inLanguage\":\"fr-FR\",\"@id\":\"https:\\\/\\\/cetii.fr\\\/fr\\\/#\\\/schema\\\/logo\\\/image\\\/\",\"url\":\"https:\\\/\\\/cetii.fr\\\/fr\\\/wp-content\\\/uploads\\\/2025\\\/01\\\/Logo-CETii-2.png\",\"contentUrl\":\"https:\\\/\\\/cetii.fr\\\/fr\\\/wp-content\\\/uploads\\\/2025\\\/01\\\/Logo-CETii-2.png\",\"width\":2362,\"height\":985,\"caption\":\"CETii\"},\"image\":{\"@id\":\"https:\\\/\\\/cetii.fr\\\/fr\\\/#\\\/schema\\\/logo\\\/image\\\/\"},\"sameAs\":[\"https:\\\/\\\/www.facebook.com\\\/cetii.fr\\\/\",\"https:\\\/\\\/www.linkedin.com\\\/company\\\/cetii\"]}]}<\/script>\n<!-- \/ Yoast SEO Premium plugin. -->","yoast_head_json":{"title":"RGPD - CETii","robots":{"index":"index","follow":"follow","max-snippet":"max-snippet:-1","max-image-preview":"max-image-preview:large","max-video-preview":"max-video-preview:-1"},"canonical":"https:\/\/cetii.fr\/fr\/rgpd\/","og_locale":"fr_FR","og_type":"article","og_title":"RGPD","og_description":"Politique de protection des donn\u00e9es Les donn\u00e9es personnelles que vous [...]","og_url":"https:\/\/cetii.fr\/fr\/rgpd\/","og_site_name":"CETii","article_publisher":"https:\/\/www.facebook.com\/cetii.fr\/","article_modified_time":"2025-11-18T14:27:29+00:00","twitter_card":"summary_large_image","twitter_misc":{"Dur\u00e9e de lecture estim\u00e9e":"7 minutes"},"schema":{"@context":"https:\/\/schema.org","@graph":[{"@type":"WebPage","@id":"https:\/\/cetii.fr\/fr\/rgpd\/","url":"https:\/\/cetii.fr\/fr\/rgpd\/","name":"RGPD - CETii","isPartOf":{"@id":"https:\/\/cetii.fr\/fr\/#website"},"datePublished":"2025-11-18T14:05:59+00:00","dateModified":"2025-11-18T14:27:29+00:00","breadcrumb":{"@id":"https:\/\/cetii.fr\/fr\/rgpd\/#breadcrumb"},"inLanguage":"fr-FR","potentialAction":[{"@type":"ReadAction","target":["https:\/\/cetii.fr\/fr\/rgpd\/"]}]},{"@type":"BreadcrumbList","@id":"https:\/\/cetii.fr\/fr\/rgpd\/#breadcrumb","itemListElement":[{"@type":"ListItem","position":1,"name":"Accueil","item":"https:\/\/cetii.fr\/fr\/"},{"@type":"ListItem","position":2,"name":"RGPD"}]},{"@type":"WebSite","@id":"https:\/\/cetii.fr\/fr\/#website","url":"https:\/\/cetii.fr\/fr\/","name":"CETii","description":"Mesurer la performance du b\u00e2timent","publisher":{"@id":"https:\/\/cetii.fr\/fr\/#organization"},"potentialAction":[{"@type":"SearchAction","target":{"@type":"EntryPoint","urlTemplate":"https:\/\/cetii.fr\/fr\/?s={search_term_string}"},"query-input":{"@type":"PropertyValueSpecification","valueRequired":true,"valueName":"search_term_string"}}],"inLanguage":"fr-FR"},{"@type":"Organization","@id":"https:\/\/cetii.fr\/fr\/#organization","name":"CETii","url":"https:\/\/cetii.fr\/fr\/","logo":{"@type":"ImageObject","inLanguage":"fr-FR","@id":"https:\/\/cetii.fr\/fr\/#\/schema\/logo\/image\/","url":"https:\/\/cetii.fr\/fr\/wp-content\/uploads\/2025\/01\/Logo-CETii-2.png","contentUrl":"https:\/\/cetii.fr\/fr\/wp-content\/uploads\/2025\/01\/Logo-CETii-2.png","width":2362,"height":985,"caption":"CETii"},"image":{"@id":"https:\/\/cetii.fr\/fr\/#\/schema\/logo\/image\/"},"sameAs":["https:\/\/www.facebook.com\/cetii.fr\/","https:\/\/www.linkedin.com\/company\/cetii"]}]}},"_links":{"self":[{"href":"https:\/\/cetii.fr\/fr\/wp-json\/wp\/v2\/pages\/4557","targetHints":{"allow":["GET"]}}],"collection":[{"href":"https:\/\/cetii.fr\/fr\/wp-json\/wp\/v2\/pages"}],"about":[{"href":"https:\/\/cetii.fr\/fr\/wp-json\/wp\/v2\/types\/page"}],"author":[{"embeddable":true,"href":"https:\/\/cetii.fr\/fr\/wp-json\/wp\/v2\/users\/1"}],"replies":[{"embeddable":true,"href":"https:\/\/cetii.fr\/fr\/wp-json\/wp\/v2\/comments?post=4557"}],"version-history":[{"count":3,"href":"https:\/\/cetii.fr\/fr\/wp-json\/wp\/v2\/pages\/4557\/revisions"}],"predecessor-version":[{"id":4559,"href":"https:\/\/cetii.fr\/fr\/wp-json\/wp\/v2\/pages\/4557\/revisions\/4559"}],"wp:attachment":[{"href":"https:\/\/cetii.fr\/fr\/wp-json\/wp\/v2\/media?parent=4557"}],"curies":[{"name":"wp","href":"https:\/\/api.w.org\/{rel}","templated":true}]}}