{"id":4562,"date":"2025-11-18T15:15:34","date_gmt":"2025-11-18T14:15:34","guid":{"rendered":"https:\/\/cetii.fr\/fr\/?page_id=4562"},"modified":"2025-11-18T15:28:25","modified_gmt":"2025-11-18T14:28:25","slug":"cookies","status":"publish","type":"page","link":"https:\/\/cetii.fr\/fr\/cookies\/","title":{"rendered":"Cookies"},"content":{"rendered":"<h2 class=\"font_4 wixui-rich-text__text\"><span class=\"wixui-rich-text__text\">Politique de cookies<\/span><\/h2>\n<p class=\"font_8 wixui-rich-text__text\"><span class=\"wixui-rich-text__text\"><span class=\"wixGuard wixui-rich-text__text\">\u200b<\/span><\/span>La soci\u00e9t\u00e9 CETii, en tant qu\u2019\u00e9diteur du pr\u00e9sent Site Internet, pourra proc\u00e9der \u00e0 l\u2019implantation d\u2019un cookie sur le disque dur de votre terminal (ordinateur, tablette, mobile etc&#8230;) afin de vous garantir une navigation fluide et optimale sur notre Site Internet.<\/p>\n<h2 class=\"font_8 wixui-rich-text__text\"><span class=\"wixui-rich-text__text\"><span class=\"inherit-font-size wixui-rich-text__text\"><span class=\"wixGuard wixui-rich-text__text\">\u200b<\/span><\/span><\/span><span class=\"wixui-rich-text__text\">Qu\u2019est-ce qu\u2019un cookie ?<\/span><\/h2>\n<p class=\"font_8 wixui-rich-text__text\">Les cookies sont des fichiers texte (le plus souvent compos\u00e9s de lettres et de chiffres), stock\u00e9s dans la m\u00e9moire de votre navigateur ou appareil lorsque vous visitez un site Web ou consultez un message. Ils permettent \u00e0 un site Web de reconna\u00eetre le navigateur ou l\u2019appareil.<\/p>\n<h2 class=\"font_8 wixui-rich-text__text\"><span class=\"wixGuard wixui-rich-text__text\">\u200b<\/span><span class=\"wixui-rich-text__text\">Quels sont les diff\u00e9rents types de cookies utilis\u00e9s ?<\/span><\/h2>\n<p class=\"font_8 wixui-rich-text__text\">Il existe plusieurs types de cookies :<\/p>\n<ul>\n<li class=\"font_8 wixui-rich-text__text\">Les cookies de session : ils expirent d\u00e8s la fermeture du navigateur et nous permettent de lier vos actions au cours de cette session en particulier,<\/li>\n<li class=\"font_8 wixui-rich-text__text\">Les cookies persistants : ils sont stock\u00e9s sur votre appareil entre les sessions de navigation et nous permettent de m\u00e9moriser vos pr\u00e9f\u00e9rences ou actions sur plusieurs sites,<\/li>\n<li class=\"font_8 wixui-rich-text__text\">Les cookies propri\u00e9taires : ils sont \u00e9mis par le site que vous visitez,<\/li>\n<li class=\"font_8 wixui-rich-text__text\">Les cookies tiers : ils sont \u00e9mis par un site tiers, distinct du site que vous visitez.<\/li>\n<\/ul>\n<p class=\"font_8 wixui-rich-text__text\">Nous utilisons sur ce site, des cookies ou toute autre technologie similaire de tra\u00e7age qui restent sur votre appareil pendant l\u2019ouverture de votre navigateur (cookies de session), ou pendant une p\u00e9riode plus longue (cookies persistants).<\/p>\n<h2 class=\"font_8 wixui-rich-text__text\">Les cookies exempt\u00e9s de consentement<\/h2>\n<p class=\"font_8 wixui-rich-text__text\">Conform\u00e9ment aux recommandations de la CNIL, certains cookies sont dispens\u00e9s du recueil pr\u00e9alable de votre consentement dans la mesure o\u00f9 ils sont strictement n\u00e9cessaires au fonctionnement du Site Internet ou ont pour finalit\u00e9 exclusive de permettre ou faciliter la communication par voie \u00e9lectronique.<\/p>\n<h2 class=\"font_8 wixui-rich-text__text\">Les cookies non exempt\u00e9s de consentement<\/h2>\n<p class=\"font_8 wixui-rich-text__text\">Cette exigence concerne les cookies \u00e9mis par des tiers et qui sont qualifi\u00e9s de \u00ab persistants \u00bb dans la mesure o\u00f9 ils demeurent dans votre terminal jusqu\u2019\u00e0 leur effacement ou leur date d\u2019expiration (sans pouvoir exc\u00e9der 13 mois).<br \/>\nDe tels cookies \u00e9tant \u00e9mis par des tiers, leur utilisation et leur d\u00e9p\u00f4t sont soumis \u00e0 leurs propres politiques de confidentialit\u00e9 dont vous trouverez un lien ci-dessous. Cette famille de cookie regroupe les cookies de mesure d\u2019audience (notamment Google Analytics), les cookies publicitaires ainsi que les cookies de partage de r\u00e9seaux sociaux.<br \/>\nVous trouverez ci-apr\u00e8s une liste de cat\u00e9gories de cookies d\u00e9pos\u00e9s sur notre Site. Cette liste est r\u00e9guli\u00e8rement mise \u00e0 jour afin de vous tenir au courant des traitements qui sont r\u00e9alis\u00e9s sur vos donn\u00e9es.<\/p>\n<p class=\"font_8 wixui-rich-text__text\">Les cookies sont class\u00e9s en 4 cat\u00e9gories :<\/p>\n<ul>\n<li class=\"font_8 wixui-rich-text__text\">Les cookies strictement n\u00e9cessaires,<\/li>\n<li class=\"font_8 wixui-rich-text__text\">Les cookies de performance,<\/li>\n<li class=\"font_8 wixui-rich-text__text\">Les cookies fonctionnels,<\/li>\n<li class=\"font_8 wixui-rich-text__text\">Les cookies publicitaires.<\/li>\n<\/ul>\n<h2 class=\"font_8 wixui-rich-text__text\"><span class=\"wixui-rich-text__text\"><span class=\"wixGuard wixui-rich-text__text\">\u200b<\/span><\/span><span class=\"wixui-rich-text__text\">Qu\u2019est ce qu\u2019un cookie strictement n\u00e9cessaire ?<\/span><\/h2>\n<p class=\"font_8 wixui-rich-text__text\">Il s\u2019agit notamment des cookies d\u2019identifiants de session, d\u2019authentification, de session d\u2019\u00e9quilibrage de charge ainsi que des cookies de personnalisation de votre interface. Ils ne peuvent pas \u00eatre d\u00e9sactiv\u00e9s. Ces cookies sont int\u00e9gralement soumis \u00e0 la pr\u00e9sente politique dans la mesure o\u00f9 ils sont \u00e9mis et g\u00e9r\u00e9s par la soci\u00e9t\u00e9 CETii.<\/p>\n<h2 class=\"font_8 wixui-rich-text__text\"><span class=\"wixGuard wixui-rich-text__text\">\u200b<\/span><span class=\"wixui-rich-text__text\">Qu&rsquo;est ce qu&rsquo;un cookie de performance et d&rsquo;analyse ?<\/span><\/h2>\n<p class=\"font_8 wixui-rich-text__text\">Ce type de cookies nous permet de d\u00e9terminer le nombre de visites et les sources de trafic sur notre site internet, afin d\u2019en mesurer et d\u2019en am\u00e9liorer les performances. Ces donn\u00e9es participent \u00e0 l\u2019am\u00e9lioration de l\u2019ergonomie du Site Internet.<\/p>\n<h2 class=\"font_8 wixui-rich-text__text\"><span class=\"wixGuard wixui-rich-text__text\">\u200b<\/span><span class=\"wixui-rich-text__text\">Qu\u2019est ce qu\u2019un cookie fonctionnel ?<\/span><\/h2>\n<p class=\"font_8 wixui-rich-text__text\">Les cookies fonctionnels permettent \u00e0 notre site web d\u2019enregistrer les choix exprim\u00e9s tels que votre identifiant, vos donn\u00e9es de connexion ou vos pr\u00e9f\u00e9rences linguistiques et toute personnalisation de pages r\u00e9alis\u00e9e sur notre site pendant votre visite.<br \/>\nIl peut s\u2019agir de cookies install\u00e9s par CETii.<br \/>\nEn autorisant le d\u00e9p\u00f4t de ces cookies, vous permettrez \u00e0 CETii de vous proposer des offres et des services qui r\u00e9pondent au mieux \u00e0 vos attentes.<\/p>\n<h2 class=\"font_8 wixui-rich-text__text\"><span class=\"wixGuard wixui-rich-text__text\">\u200b<\/span><span class=\"wixui-rich-text__text\">Qu\u2019est ce qu\u2019un cookie publicitaire \/ ciblage ?<\/span><\/h2>\n<p class=\"font_8 wixui-rich-text__text\">Les cookies publicitaire et de ciblage sont utilis\u00e9s pour am\u00e9liorer votre exp\u00e9rience sur le site. Ils collectent, entre autres, des informations sur vos habitudes de navigation afin de cibler les messages publicitaires en rapport avec vos centres d\u2019int\u00e9r\u00eats.<br \/>\nCes cookies permettent de vous proposer des produits adapt\u00e9s \u00e0 vos besoins lors de votre navigation sur notre site, ou sur d\u2019autres sites internet. Ils sont notamment utilis\u00e9s pour limiter le nombre de fois o\u00f9 vous voyez une publicit\u00e9 et aider \u00e0 mesurer l&rsquo;efficacit\u00e9 d&rsquo;une campagne publicitaire.<br \/>\nChaque navigateur internet propose ses propres param\u00e8tres de gestion des cookies. Pour acc\u00e9der au menu de votre navigateur et modifier vos pr\u00e9f\u00e9rences en mati\u00e8re de cookies, nous vous invitons \u00e0 suivre les liens suivants :<\/p>\n<ul>\n<li class=\"font_8 wixui-rich-text__text\">Chrome :\u00a0<a class=\"wixui-rich-text__text\" href=\"https:\/\/support.google.com\/chrome\/answer\/95647?hl=fr\" target=\"_blank\" rel=\"noopener\" data-auto-recognition=\"true\">https:\/\/support.google.com\/chrome\/answer\/95647?hl=fr<\/a><\/li>\n<li class=\"font_8 wixui-rich-text__text\">Firefox :\u00a0<a class=\"wixui-rich-text__text\" href=\"https:\/\/support.mozilla.org\/fr\/kb\/activer-desactiver-cookies\" target=\"_blank\" rel=\"noopener\" data-auto-recognition=\"true\">https:\/\/support.mozilla.org\/fr\/kb\/activer-desactiver-cookies<\/a><\/li>\n<li class=\"font_8 wixui-rich-text__text\">Internet Explorer :\u00a0<a class=\"wixui-rich-text__text\" href=\"https:\/\/support.microsoft.com\/fr-fr\/help\/17442\/windows-internet-explorer-delete-manage-cookies#ie=ie-11\" target=\"_blank\" rel=\"noopener\" data-auto-recognition=\"true\">https:\/\/support.microsoft.com\/fr-fr\/help\/17442\/windows-internet-explorer-delete-manage-cookies#ie=ie-11<\/a><\/li>\n<li class=\"font_8 wixui-rich-text__text\">Opera :\u00a0<a class=\"wixui-rich-text__text\" href=\"http:\/\/help.opera.com\/Windows\/10.20\/fr\/cookies.html\" target=\"_blank\" rel=\"noopener\" data-auto-recognition=\"true\">http:\/\/help.opera.com\/Windows\/10.20\/fr\/cookies.html<\/a><\/li>\n<li class=\"font_8 wixui-rich-text__text\">Safari :\u00a0<a class=\"wixui-rich-text__text\" href=\"https:\/\/support.apple.com\/kb\/PH21411?viewlocale=fr_FR&amp;locale=fr_FR\" target=\"_blank\" rel=\"noopener\" data-auto-recognition=\"true\">https:\/\/support.apple.com\/kb\/PH21411?viewlocale=fr_FR&amp;locale=fr_FR<\/a><\/li>\n<\/ul>\n<p class=\"font_8 wixui-rich-text__text\">Pour de plus amples informations concernant les outils de ma\u00eetrise des cookies, vous pouvez consulter le site internet de la CNIL :\u00a0<a class=\"wixui-rich-text__text\" href=\"https:\/\/www.cnil.fr\/fr\/cookies-les-outils-pour-les-maitriser.\" target=\"_blank\" rel=\"noopener\" data-auto-recognition=\"true\">https:\/\/www.cnil.fr\/fr\/cookies-les-outils-pour-les-maitriser.<\/a><\/p>\n<h2>Informations diverses<\/h2>\n<ul>\n<li><a href=\"https:\/\/cetii.fr\/fr\/contrats\/\">Contrats : Conditions G\u00e9n\u00e9rales<\/a><\/li>\n<li><a href=\"https:\/\/cetii.fr\/fr\/rgpd\/\">Donn\u00e9es personnelles &#8211; RGPD<\/a><\/li>\n<li><a href=\"https:\/\/cetii.fr\/fr\/mentions-legales\/\">Mentions l\u00e9gales<\/a><\/li>\n<\/ul>\n","protected":false},"excerpt":{"rendered":"<p>Politique de cookies \u200bLa soci\u00e9t\u00e9 CETii, en tant qu\u2019\u00e9diteur du  [&#8230;]<\/p>\n","protected":false},"author":1,"featured_media":0,"parent":0,"menu_order":0,"comment_status":"closed","ping_status":"closed","template":"","meta":{"footnotes":""},"class_list":["post-4562","page","type-page","status-publish","hentry"],"yoast_head":"<!-- This site is optimized with the Yoast SEO Premium plugin v25.9 (Yoast SEO v27.4) - https:\/\/yoast.com\/product\/yoast-seo-premium-wordpress\/ -->\n<title>Cookies - CETii<\/title>\n<meta name=\"robots\" content=\"index, follow, max-snippet:-1, max-image-preview:large, max-video-preview:-1\" \/>\n<link rel=\"canonical\" href=\"https:\/\/cetii.fr\/fr\/cookies\/\" \/>\n<meta property=\"og:locale\" content=\"fr_FR\" \/>\n<meta property=\"og:type\" content=\"article\" \/>\n<meta property=\"og:title\" content=\"Cookies\" \/>\n<meta property=\"og:description\" content=\"Politique de cookies \u200bLa soci\u00e9t\u00e9 CETii, en tant qu\u2019\u00e9diteur du [...]\" \/>\n<meta property=\"og:url\" content=\"https:\/\/cetii.fr\/fr\/cookies\/\" \/>\n<meta property=\"og:site_name\" content=\"CETii\" \/>\n<meta property=\"article:publisher\" content=\"https:\/\/www.facebook.com\/cetii.fr\/\" \/>\n<meta property=\"article:modified_time\" content=\"2025-11-18T14:28:25+00:00\" \/>\n<meta name=\"twitter:card\" content=\"summary_large_image\" \/>\n<meta name=\"twitter:label1\" content=\"Dur\u00e9e de lecture estim\u00e9e\" \/>\n\t<meta name=\"twitter:data1\" content=\"4 minutes\" \/>\n<script type=\"application\/ld+json\" class=\"yoast-schema-graph\">{\"@context\":\"https:\\\/\\\/schema.org\",\"@graph\":[{\"@type\":\"WebPage\",\"@id\":\"https:\\\/\\\/cetii.fr\\\/fr\\\/cookies\\\/\",\"url\":\"https:\\\/\\\/cetii.fr\\\/fr\\\/cookies\\\/\",\"name\":\"Cookies - CETii\",\"isPartOf\":{\"@id\":\"https:\\\/\\\/cetii.fr\\\/fr\\\/#website\"},\"datePublished\":\"2025-11-18T14:15:34+00:00\",\"dateModified\":\"2025-11-18T14:28:25+00:00\",\"breadcrumb\":{\"@id\":\"https:\\\/\\\/cetii.fr\\\/fr\\\/cookies\\\/#breadcrumb\"},\"inLanguage\":\"fr-FR\",\"potentialAction\":[{\"@type\":\"ReadAction\",\"target\":[\"https:\\\/\\\/cetii.fr\\\/fr\\\/cookies\\\/\"]}]},{\"@type\":\"BreadcrumbList\",\"@id\":\"https:\\\/\\\/cetii.fr\\\/fr\\\/cookies\\\/#breadcrumb\",\"itemListElement\":[{\"@type\":\"ListItem\",\"position\":1,\"name\":\"Accueil\",\"item\":\"https:\\\/\\\/cetii.fr\\\/fr\\\/\"},{\"@type\":\"ListItem\",\"position\":2,\"name\":\"Cookies\"}]},{\"@type\":\"WebSite\",\"@id\":\"https:\\\/\\\/cetii.fr\\\/fr\\\/#website\",\"url\":\"https:\\\/\\\/cetii.fr\\\/fr\\\/\",\"name\":\"CETii\",\"description\":\"Mesurer la performance du b\u00e2timent\",\"publisher\":{\"@id\":\"https:\\\/\\\/cetii.fr\\\/fr\\\/#organization\"},\"potentialAction\":[{\"@type\":\"SearchAction\",\"target\":{\"@type\":\"EntryPoint\",\"urlTemplate\":\"https:\\\/\\\/cetii.fr\\\/fr\\\/?s={search_term_string}\"},\"query-input\":{\"@type\":\"PropertyValueSpecification\",\"valueRequired\":true,\"valueName\":\"search_term_string\"}}],\"inLanguage\":\"fr-FR\"},{\"@type\":\"Organization\",\"@id\":\"https:\\\/\\\/cetii.fr\\\/fr\\\/#organization\",\"name\":\"CETii\",\"url\":\"https:\\\/\\\/cetii.fr\\\/fr\\\/\",\"logo\":{\"@type\":\"ImageObject\",\"inLanguage\":\"fr-FR\",\"@id\":\"https:\\\/\\\/cetii.fr\\\/fr\\\/#\\\/schema\\\/logo\\\/image\\\/\",\"url\":\"https:\\\/\\\/cetii.fr\\\/fr\\\/wp-content\\\/uploads\\\/2025\\\/01\\\/Logo-CETii-2.png\",\"contentUrl\":\"https:\\\/\\\/cetii.fr\\\/fr\\\/wp-content\\\/uploads\\\/2025\\\/01\\\/Logo-CETii-2.png\",\"width\":2362,\"height\":985,\"caption\":\"CETii\"},\"image\":{\"@id\":\"https:\\\/\\\/cetii.fr\\\/fr\\\/#\\\/schema\\\/logo\\\/image\\\/\"},\"sameAs\":[\"https:\\\/\\\/www.facebook.com\\\/cetii.fr\\\/\",\"https:\\\/\\\/www.linkedin.com\\\/company\\\/cetii\"]}]}<\/script>\n<!-- \/ Yoast SEO Premium plugin. -->","yoast_head_json":{"title":"Cookies - CETii","robots":{"index":"index","follow":"follow","max-snippet":"max-snippet:-1","max-image-preview":"max-image-preview:large","max-video-preview":"max-video-preview:-1"},"canonical":"https:\/\/cetii.fr\/fr\/cookies\/","og_locale":"fr_FR","og_type":"article","og_title":"Cookies","og_description":"Politique de cookies \u200bLa soci\u00e9t\u00e9 CETii, en tant qu\u2019\u00e9diteur du [...]","og_url":"https:\/\/cetii.fr\/fr\/cookies\/","og_site_name":"CETii","article_publisher":"https:\/\/www.facebook.com\/cetii.fr\/","article_modified_time":"2025-11-18T14:28:25+00:00","twitter_card":"summary_large_image","twitter_misc":{"Dur\u00e9e de lecture estim\u00e9e":"4 minutes"},"schema":{"@context":"https:\/\/schema.org","@graph":[{"@type":"WebPage","@id":"https:\/\/cetii.fr\/fr\/cookies\/","url":"https:\/\/cetii.fr\/fr\/cookies\/","name":"Cookies - CETii","isPartOf":{"@id":"https:\/\/cetii.fr\/fr\/#website"},"datePublished":"2025-11-18T14:15:34+00:00","dateModified":"2025-11-18T14:28:25+00:00","breadcrumb":{"@id":"https:\/\/cetii.fr\/fr\/cookies\/#breadcrumb"},"inLanguage":"fr-FR","potentialAction":[{"@type":"ReadAction","target":["https:\/\/cetii.fr\/fr\/cookies\/"]}]},{"@type":"BreadcrumbList","@id":"https:\/\/cetii.fr\/fr\/cookies\/#breadcrumb","itemListElement":[{"@type":"ListItem","position":1,"name":"Accueil","item":"https:\/\/cetii.fr\/fr\/"},{"@type":"ListItem","position":2,"name":"Cookies"}]},{"@type":"WebSite","@id":"https:\/\/cetii.fr\/fr\/#website","url":"https:\/\/cetii.fr\/fr\/","name":"CETii","description":"Mesurer la performance du b\u00e2timent","publisher":{"@id":"https:\/\/cetii.fr\/fr\/#organization"},"potentialAction":[{"@type":"SearchAction","target":{"@type":"EntryPoint","urlTemplate":"https:\/\/cetii.fr\/fr\/?s={search_term_string}"},"query-input":{"@type":"PropertyValueSpecification","valueRequired":true,"valueName":"search_term_string"}}],"inLanguage":"fr-FR"},{"@type":"Organization","@id":"https:\/\/cetii.fr\/fr\/#organization","name":"CETii","url":"https:\/\/cetii.fr\/fr\/","logo":{"@type":"ImageObject","inLanguage":"fr-FR","@id":"https:\/\/cetii.fr\/fr\/#\/schema\/logo\/image\/","url":"https:\/\/cetii.fr\/fr\/wp-content\/uploads\/2025\/01\/Logo-CETii-2.png","contentUrl":"https:\/\/cetii.fr\/fr\/wp-content\/uploads\/2025\/01\/Logo-CETii-2.png","width":2362,"height":985,"caption":"CETii"},"image":{"@id":"https:\/\/cetii.fr\/fr\/#\/schema\/logo\/image\/"},"sameAs":["https:\/\/www.facebook.com\/cetii.fr\/","https:\/\/www.linkedin.com\/company\/cetii"]}]}},"_links":{"self":[{"href":"https:\/\/cetii.fr\/fr\/wp-json\/wp\/v2\/pages\/4562","targetHints":{"allow":["GET"]}}],"collection":[{"href":"https:\/\/cetii.fr\/fr\/wp-json\/wp\/v2\/pages"}],"about":[{"href":"https:\/\/cetii.fr\/fr\/wp-json\/wp\/v2\/types\/page"}],"author":[{"embeddable":true,"href":"https:\/\/cetii.fr\/fr\/wp-json\/wp\/v2\/users\/1"}],"replies":[{"embeddable":true,"href":"https:\/\/cetii.fr\/fr\/wp-json\/wp\/v2\/comments?post=4562"}],"version-history":[{"count":4,"href":"https:\/\/cetii.fr\/fr\/wp-json\/wp\/v2\/pages\/4562\/revisions"}],"predecessor-version":[{"id":4564,"href":"https:\/\/cetii.fr\/fr\/wp-json\/wp\/v2\/pages\/4562\/revisions\/4564"}],"wp:attachment":[{"href":"https:\/\/cetii.fr\/fr\/wp-json\/wp\/v2\/media?parent=4562"}],"curies":[{"name":"wp","href":"https:\/\/api.w.org\/{rel}","templated":true}]}}